{"id":14334,"date":"2024-09-02T15:21:21","date_gmt":"2024-09-02T13:21:21","guid":{"rendered":"https:\/\/www.grandezzemeraviglie.it\/notre-histoire\/"},"modified":"2025-05-27T10:11:03","modified_gmt":"2025-05-27T08:11:03","slug":"notre-histoire","status":"publish","type":"page","link":"https:\/\/www.grandezzemeraviglie.it\/fr\/notre-histoire\/","title":{"rendered":"Notre Histoire"},"content":{"rendered":"\t\t<div data-elementor-type=\"wp-page\" data-elementor-id=\"14334\" class=\"elementor elementor-14334 elementor-767\" data-elementor-post-type=\"page\">\n\t\t\t\t<div class=\"elementor-element elementor-element-254a497 e-flex e-con-boxed e-con e-parent\" data-id=\"254a497\" data-element_type=\"container\" data-e-type=\"container\">\n\t\t\t\t\t<div class=\"e-con-inner\">\n\t\t<div class=\"elementor-element elementor-element-af19870 e-con-full e-flex e-con e-child\" data-id=\"af19870\" data-element_type=\"container\" data-e-type=\"container\">\n\t\t\t\t<div class=\"elementor-element elementor-element-90f99ed elementor-widget-divider--view-line elementor-invisible elementor-widget elementor-widget-divider\" data-id=\"90f99ed\" data-element_type=\"widget\" data-e-type=\"widget\" data-settings=\"{&quot;_animation&quot;:&quot;fadeInUp&quot;}\" data-widget_type=\"divider.default\">\n\t\t\t\t\t\t\t<div class=\"elementor-divider\">\n\t\t\t<span class=\"elementor-divider-separator\">\n\t\t\t\t\t\t<\/span>\n\t\t<\/div>\n\t\t\t\t\t\t<\/div>\n\t\t\t\t<\/div>\n\t\t<div class=\"elementor-element elementor-element-8e41ac9 e-con-full e-flex e-con e-child\" data-id=\"8e41ac9\" data-element_type=\"container\" data-e-type=\"container\">\n\t\t\t\t<\/div>\n\t\t\t\t\t<\/div>\n\t\t\t\t<\/div>\n\t\t<div class=\"elementor-element elementor-element-068c456 e-flex e-con-boxed e-con e-parent\" data-id=\"068c456\" data-element_type=\"container\" data-e-type=\"container\">\n\t\t\t\t\t<div class=\"e-con-inner\">\n\t\t<div class=\"elementor-element elementor-element-08f635f e-con-full e-flex e-con e-child\" data-id=\"08f635f\" data-element_type=\"container\" data-e-type=\"container\">\n\t\t\t\t<div class=\"elementor-element elementor-element-7bcda0e animated-slow elementor-invisible elementor-widget elementor-widget-text-editor\" data-id=\"7bcda0e\" data-element_type=\"widget\" data-e-type=\"widget\" data-settings=\"{&quot;_animation&quot;:&quot;fadeInLeft&quot;}\" data-widget_type=\"text-editor.default\">\n\t\t\t\t\t\t\t\t\t<p><em>Grandezze &amp; Meraviglie <\/em> est le festival de musique ancienne le plus ancien de la r\u00e9gion \u00c9milie-Romagne et est reconnu en Italie comme l\u2019un des festivals les plus innovants et complets de son genre. \u00c0 l\u2019international, il est consid\u00e9r\u00e9 comme l\u2019un des \u00e9v\u00e9nements de r\u00e9f\u00e9rence d\u00e9di\u00e9s express\u00e9ment au r\u00e9pertoire ancien (du Moyen \u00c2ge au d\u00e9but du XIXe si\u00e8cle), interpr\u00e9t\u00e9 avec des instruments et des pratiques d\u2019ex\u00e9cution d\u2019\u00e9poque. Le festival a vu le jour \u00e0 l\u2019occasion des c\u00e9l\u00e9brations de \u00ab\u00a0Modane capitale\u00a0\u00bb, marquant l\u2019anniversaire du transfert de la cour d\u2019Este de Ferrare \u00e0 Mod\u00e8ne (1598-1998).<\/p><p>Le festival a re\u00e7u le 28e Prix Abbiati de la Critique Musicale en tant que \u00ab\u00a0meilleure initiative de 2008\u00a0\u00bb, avec la motivation suivante : \u00ab\u00a0<em>au Festival Musical Estense Grandezze e Meraviglie, pour sa capacit\u00e9 \u00e0 allier la diffusion des r\u00e9pertoires anciens et baroques europ\u00e9ens avec la valorisation du patrimoine musical estense (en particulier celui des Collections Ducales), dans une programmation d\u00e9cennale confi\u00e9e \u00e0 des ensembles de grande autorit\u00e9, ins\u00e9r\u00e9e dans un contexte interdisciplinaire et largement diffus\u00e9e sur le territoire<\/em>\u00ab\u00a0.<\/p><p>Au cours de ses 25 ann\u00e9es d\u2019existence, le festival a organis\u00e9 plus de 400 concerts, des dizaines de le\u00e7ons-concerts et de conf\u00e9rences. Gr\u00e2ce \u00e0 sa participation \u00e0 diverses productions musicales, \u00e0 ce jour, 30 CD et DVD portent la marque de <em>Grandezze &amp; Meraviglie<\/em>.<\/p><p>La municipalit\u00e9 de Mod\u00e8ne, reconnaissant la continuit\u00e9 du projet avec les \u00e9ditions pr\u00e9c\u00e9dentes, a accord\u00e9 l\u2019appellation de Grandezze &amp; Meraviglie Festival Musicale Estense, qui a \u00e9t\u00e9 soutenu au fil des ann\u00e9es principalement par la <a href=\"http:\/\/www.fondazione-crmo.it\/\" target=\"_blank\" rel=\"noopener\">Fondatione Cassa di Risparmio di Modena<\/a>, <a href=\"https:\/\/www.fondazionedivignola.it\" target=\"_blank\" rel=\"noopener\">la Fondation Cassa di Risparmio di Vignola<\/a>, l<a href=\"http:\/\/www.fondazionecrmir.it\/\" target=\"_blank\" rel=\"noopener\">a Fondatione Cassa di Risparmio di Mirandola<\/a>, <a href=\"https:\/\/www.bper.it\/\" target=\"_blank\" rel=\"noopener\">la BPER Banca<\/a> et par <a href=\"http:\/\/www.comune.modena.it\/\" target=\"_blank\" rel=\"noopener\">les municipalit\u00e9s de Mod\u00e8ne<\/a>, <a href=\"http:\/\/www.comune.sassuolo.mo.it\/\" target=\"_blank\" rel=\"noopener\">Sassuolo<\/a>, <a href=\"http:\/\/www.comune.vignola.mo.it\/\" target=\"_blank\" rel=\"noopener\">Vignola<\/a>, <a href=\"http:\/\/www.comune.mirandola.mo.it\/\" target=\"_blank\" rel=\"noopener\">Mirandola<\/a> et <a href=\"http:\/\/www.carpidiem.it\/\" target=\"_blank\" rel=\"noopener\">Carpi<\/a>.<\/p><p>Depuis vingt-cinq ans, <em>Grandezze &amp; Meraviglie<\/em> est une r\u00e9alit\u00e9 solide qui comprend des concerts, des activit\u00e9s culturelles, \u00e9ducatives et interdisciplinaires, des masterclass, des rencontres avec les \u00e9coles, des le\u00e7ons-concerts et le cycle de conf\u00e9rences universitaires \u00ab\u00a0<em>Les Langages des Arts<\/em>\u00ab\u00a0.<\/p>\t\t\t\t\t\t\t\t<\/div>\n\t\t\t\t<\/div>\n\t\t<div class=\"elementor-element elementor-element-7a3074a e-con-full e-flex e-con e-child\" data-id=\"7a3074a\" data-element_type=\"container\" data-e-type=\"container\">\n\t\t\t\t<div class=\"elementor-element elementor-element-5d8d088 animated-slow elementor-invisible elementor-widget elementor-widget-image\" data-id=\"5d8d088\" data-element_type=\"widget\" data-e-type=\"widget\" data-settings=\"{&quot;_animation&quot;:&quot;fadeInUp&quot;}\" data-widget_type=\"image.default\">\n\t\t\t\t\t\t\t\t\t\t\t\t\t\t\t<img fetchpriority=\"high\" decoding=\"async\" width=\"800\" height=\"1009\" src=\"https:\/\/www.grandezzemeraviglie.it\/wp-content\/uploads\/2024\/09\/la-nostra-storia-side-812x1024.webp\" class=\"attachment-large size-large wp-image-11895\" alt=\"\" srcset=\"https:\/\/www.grandezzemeraviglie.it\/wp-content\/uploads\/2024\/09\/la-nostra-storia-side-812x1024.webp 812w, https:\/\/www.grandezzemeraviglie.it\/wp-content\/uploads\/2024\/09\/la-nostra-storia-side-238x300.webp 238w, https:\/\/www.grandezzemeraviglie.it\/wp-content\/uploads\/2024\/09\/la-nostra-storia-side-768x968.webp 768w, https:\/\/www.grandezzemeraviglie.it\/wp-content\/uploads\/2024\/09\/la-nostra-storia-side.webp 1190w\" sizes=\"(max-width: 800px) 100vw, 800px\" \/>\t\t\t\t\t\t\t\t\t\t\t\t\t\t\t<\/div>\n\t\t\t\t<div class=\"elementor-element elementor-element-542d88e elementor-widget elementor-widget-heading\" data-id=\"542d88e\" data-element_type=\"widget\" data-e-type=\"widget\" data-settings=\"{&quot;motion_fx_motion_fx_scrolling&quot;:&quot;yes&quot;,&quot;motion_fx_translateX_effect&quot;:&quot;yes&quot;,&quot;motion_fx_translateX_direction&quot;:&quot;negative&quot;,&quot;motion_fx_translateX_speed&quot;:{&quot;unit&quot;:&quot;px&quot;,&quot;size&quot;:0.6999999999999999555910790149937383830547332763671875,&quot;sizes&quot;:[]},&quot;motion_fx_translateX_affectedRange&quot;:{&quot;unit&quot;:&quot;%&quot;,&quot;size&quot;:&quot;&quot;,&quot;sizes&quot;:{&quot;start&quot;:0,&quot;end&quot;:50}},&quot;motion_fx_devices&quot;:[&quot;desktop&quot;,&quot;tablet&quot;,&quot;mobile&quot;]}\" data-widget_type=\"heading.default\">\n\t\t\t\t\t<h6 class=\"elementor-heading-title elementor-size-default\">Fantastrumento<\/h6>\t\t\t\t<\/div>\n\t\t\t\t<\/div>\n\t\t\t\t\t<\/div>\n\t\t\t\t<\/div>\n\t\t\t\t<\/div>\n\t\t","protected":false},"excerpt":{"rendered":"<p>Grandezze &amp; Meraviglie est le festival de musique ancienne le plus ancien de la r\u00e9gion \u00c9milie-Romagne et est reconnu en Italie comme l\u2019un des festivals les plus innovants et complets [&hellip;]<\/p>\n","protected":false},"author":1,"featured_media":0,"parent":0,"menu_order":0,"comment_status":"closed","ping_status":"closed","template":"","meta":{"footnotes":""},"class_list":["post-14334","page","type-page","status-publish","hentry"],"_links":{"self":[{"href":"https:\/\/www.grandezzemeraviglie.it\/fr\/wp-json\/wp\/v2\/pages\/14334","targetHints":{"allow":["GET"]}}],"collection":[{"href":"https:\/\/www.grandezzemeraviglie.it\/fr\/wp-json\/wp\/v2\/pages"}],"about":[{"href":"https:\/\/www.grandezzemeraviglie.it\/fr\/wp-json\/wp\/v2\/types\/page"}],"author":[{"embeddable":true,"href":"https:\/\/www.grandezzemeraviglie.it\/fr\/wp-json\/wp\/v2\/users\/1"}],"replies":[{"embeddable":true,"href":"https:\/\/www.grandezzemeraviglie.it\/fr\/wp-json\/wp\/v2\/comments?post=14334"}],"version-history":[{"count":5,"href":"https:\/\/www.grandezzemeraviglie.it\/fr\/wp-json\/wp\/v2\/pages\/14334\/revisions"}],"predecessor-version":[{"id":14858,"href":"https:\/\/www.grandezzemeraviglie.it\/fr\/wp-json\/wp\/v2\/pages\/14334\/revisions\/14858"}],"wp:attachment":[{"href":"https:\/\/www.grandezzemeraviglie.it\/fr\/wp-json\/wp\/v2\/media?parent=14334"}],"curies":[{"name":"wp","href":"https:\/\/api.w.org\/{rel}","templated":true}]}}