{"id":14342,"date":"2024-09-02T17:37:22","date_gmt":"2024-09-02T15:37:22","guid":{"rendered":"https:\/\/www.grandezzemeraviglie.it\/benevolat\/"},"modified":"2025-05-09T16:16:26","modified_gmt":"2025-05-09T14:16:26","slug":"benevolat","status":"publish","type":"page","link":"https:\/\/www.grandezzemeraviglie.it\/fr\/benevolat\/","title":{"rendered":"B\u00e9n\u00e9volat"},"content":{"rendered":"\t\t<div data-elementor-type=\"wp-page\" data-elementor-id=\"14342\" class=\"elementor elementor-14342 elementor-809\" data-elementor-post-type=\"page\">\n\t\t\t\t<div class=\"elementor-element elementor-element-c9db5c2 e-flex e-con-boxed e-con e-parent\" data-id=\"c9db5c2\" data-element_type=\"container\" data-e-type=\"container\">\n\t\t\t\t\t<div class=\"e-con-inner\">\n\t\t<div class=\"elementor-element elementor-element-3df6bb2 e-con-full e-flex e-con e-child\" data-id=\"3df6bb2\" data-element_type=\"container\" data-e-type=\"container\">\n\t\t\t\t<div class=\"elementor-element elementor-element-ff3a31d elementor-widget-divider--view-line elementor-invisible elementor-widget elementor-widget-divider\" data-id=\"ff3a31d\" data-element_type=\"widget\" data-e-type=\"widget\" data-settings=\"{&quot;_animation&quot;:&quot;fadeInUp&quot;}\" data-widget_type=\"divider.default\">\n\t\t\t\t\t\t\t<div class=\"elementor-divider\">\n\t\t\t<span class=\"elementor-divider-separator\">\n\t\t\t\t\t\t<\/span>\n\t\t<\/div>\n\t\t\t\t\t\t<\/div>\n\t\t\t\t<\/div>\n\t\t<div class=\"elementor-element elementor-element-f07d7c4 e-con-full e-flex e-con e-child\" data-id=\"f07d7c4\" data-element_type=\"container\" data-e-type=\"container\">\n\t\t\t\t<\/div>\n\t\t\t\t\t<\/div>\n\t\t\t\t<\/div>\n\t\t<div class=\"elementor-element elementor-element-cdd3fcb e-flex e-con-boxed e-con e-parent\" data-id=\"cdd3fcb\" data-element_type=\"container\" data-e-type=\"container\">\n\t\t\t\t\t<div class=\"e-con-inner\">\n\t\t<div class=\"elementor-element elementor-element-4c2a8fd e-con-full e-flex e-con e-child\" data-id=\"4c2a8fd\" data-element_type=\"container\" data-e-type=\"container\">\n\t\t\t\t<div class=\"elementor-element elementor-element-d55a67f animated-slow elementor-invisible elementor-widget elementor-widget-heading\" data-id=\"d55a67f\" data-element_type=\"widget\" data-e-type=\"widget\" data-settings=\"{&quot;_animation&quot;:&quot;fadeInLeft&quot;}\" data-widget_type=\"heading.default\">\n\t\t\t\t\t<h2 class=\"elementor-heading-title elementor-size-default\">L\u2019Association accueille des b\u00e9n\u00e9voles souhaitant contribuer \u00e0 ses objectifs statutaires.<\/h2>\t\t\t\t<\/div>\n\t\t\t\t<div class=\"elementor-element elementor-element-7b77b9f animated-slow elementor-invisible elementor-widget elementor-widget-text-editor\" data-id=\"7b77b9f\" data-element_type=\"widget\" data-e-type=\"widget\" data-settings=\"{&quot;_animation&quot;:&quot;fadeInLeft&quot;}\" data-widget_type=\"text-editor.default\">\n\t\t\t\t\t\t\t\t\t<p>Ils apportent un soutien logistique et organisationnel lors des \u00e9v\u00e9nements du Festival Grandezze &amp; Meraviglie, y compris l\u2019accueil du public.<\/p><p>Ils peuvent \u00e9galement participer aux activit\u00e9s administratives et de communication de l\u2019Association, en accord avec l\u2019\u00e9quipe organisatrice.<\/p><p><strong>Le b\u00e9n\u00e9vole b\u00e9n\u00e9ficie des assurances pr\u00e9vues par la loi.<\/strong><\/p><p>Pour candidater, contacter l\u2019Association par e-mail \u00e0 <a href=\"mailto:info@grandezzemeraviglie.it\">info@grandezzemeraviglie.it<\/a> ou par t\u00e9l\u00e9phone au (+39) 059 214333.<\/p>\t\t\t\t\t\t\t\t<\/div>\n\t\t\t\t<\/div>\n\t\t\t\t\t<\/div>\n\t\t\t\t<\/div>\n\t\t\t\t<\/div>\n\t\t","protected":false},"excerpt":{"rendered":"<p>L\u2019Association accueille des b\u00e9n\u00e9voles souhaitant contribuer \u00e0 ses objectifs statutaires. Ils apportent un soutien logistique et organisationnel lors des \u00e9v\u00e9nements du Festival Grandezze &amp; Meraviglie, y compris l\u2019accueil du public. [&hellip;]<\/p>\n","protected":false},"author":1,"featured_media":0,"parent":0,"menu_order":0,"comment_status":"closed","ping_status":"closed","template":"","meta":{"footnotes":""},"class_list":["post-14342","page","type-page","status-publish","hentry"],"_links":{"self":[{"href":"https:\/\/www.grandezzemeraviglie.it\/fr\/wp-json\/wp\/v2\/pages\/14342","targetHints":{"allow":["GET"]}}],"collection":[{"href":"https:\/\/www.grandezzemeraviglie.it\/fr\/wp-json\/wp\/v2\/pages"}],"about":[{"href":"https:\/\/www.grandezzemeraviglie.it\/fr\/wp-json\/wp\/v2\/types\/page"}],"author":[{"embeddable":true,"href":"https:\/\/www.grandezzemeraviglie.it\/fr\/wp-json\/wp\/v2\/users\/1"}],"replies":[{"embeddable":true,"href":"https:\/\/www.grandezzemeraviglie.it\/fr\/wp-json\/wp\/v2\/comments?post=14342"}],"version-history":[{"count":3,"href":"https:\/\/www.grandezzemeraviglie.it\/fr\/wp-json\/wp\/v2\/pages\/14342\/revisions"}],"predecessor-version":[{"id":14533,"href":"https:\/\/www.grandezzemeraviglie.it\/fr\/wp-json\/wp\/v2\/pages\/14342\/revisions\/14533"}],"wp:attachment":[{"href":"https:\/\/www.grandezzemeraviglie.it\/fr\/wp-json\/wp\/v2\/media?parent=14342"}],"curies":[{"name":"wp","href":"https:\/\/api.w.org\/{rel}","templated":true}]}}