{"id":14344,"date":"2024-09-02T17:34:32","date_gmt":"2024-09-02T15:34:32","guid":{"rendered":"https:\/\/www.grandezzemeraviglie.it\/stages-alternance-apprentissage\/"},"modified":"2025-05-09T16:15:02","modified_gmt":"2025-05-09T14:15:02","slug":"stages-alternance-apprentissage","status":"publish","type":"page","link":"https:\/\/www.grandezzemeraviglie.it\/fr\/stages-alternance-apprentissage\/","title":{"rendered":"Stages, alternance &amp; apprentissage"},"content":{"rendered":"\t\t<div data-elementor-type=\"wp-page\" data-elementor-id=\"14344\" class=\"elementor elementor-14344 elementor-796\" data-elementor-post-type=\"page\">\n\t\t\t\t<div class=\"elementor-element elementor-element-c9db5c2 e-flex e-con-boxed e-con e-parent\" data-id=\"c9db5c2\" data-element_type=\"container\" data-e-type=\"container\">\n\t\t\t\t\t<div class=\"e-con-inner\">\n\t\t<div class=\"elementor-element elementor-element-3df6bb2 e-con-full e-flex e-con e-child\" data-id=\"3df6bb2\" data-element_type=\"container\" data-e-type=\"container\">\n\t\t\t\t<div class=\"elementor-element elementor-element-ff3a31d elementor-widget-divider--view-line elementor-invisible elementor-widget elementor-widget-divider\" data-id=\"ff3a31d\" data-element_type=\"widget\" data-e-type=\"widget\" data-settings=\"{&quot;_animation&quot;:&quot;fadeInUp&quot;}\" data-widget_type=\"divider.default\">\n\t\t\t\t\t\t\t<div class=\"elementor-divider\">\n\t\t\t<span class=\"elementor-divider-separator\">\n\t\t\t\t\t\t<\/span>\n\t\t<\/div>\n\t\t\t\t\t\t<\/div>\n\t\t\t\t<\/div>\n\t\t<div class=\"elementor-element elementor-element-f07d7c4 e-con-full e-flex e-con e-child\" data-id=\"f07d7c4\" data-element_type=\"container\" data-e-type=\"container\">\n\t\t\t\t<\/div>\n\t\t\t\t\t<\/div>\n\t\t\t\t<\/div>\n\t\t<div class=\"elementor-element elementor-element-cdd3fcb e-flex e-con-boxed e-con e-parent\" data-id=\"cdd3fcb\" data-element_type=\"container\" data-e-type=\"container\">\n\t\t\t\t\t<div class=\"e-con-inner\">\n\t\t<div class=\"elementor-element elementor-element-4c2a8fd e-con-full e-flex e-con e-child\" data-id=\"4c2a8fd\" data-element_type=\"container\" data-e-type=\"container\">\n\t\t\t\t<div class=\"elementor-element elementor-element-d55a67f animated-slow elementor-invisible elementor-widget elementor-widget-heading\" data-id=\"d55a67f\" data-element_type=\"widget\" data-e-type=\"widget\" data-settings=\"{&quot;_animation&quot;:&quot;fadeInLeft&quot;}\" data-widget_type=\"heading.default\">\n\t\t\t\t\t<h2 class=\"elementor-heading-title elementor-size-default\">L\u2019Association propose des opportunit\u00e9s de formation professionnelle.<\/h2>\t\t\t\t<\/div>\n\t\t\t\t<div class=\"elementor-element elementor-element-7b77b9f animated-slow elementor-invisible elementor-widget elementor-widget-text-editor\" data-id=\"7b77b9f\" data-element_type=\"widget\" data-e-type=\"widget\" data-settings=\"{&quot;_animation&quot;:&quot;fadeInLeft&quot;}\" data-widget_type=\"text-editor.default\">\n\t\t\t\t\t\t\t\t\t<p>Notamment des <strong>stages<\/strong> et des <strong>collaborations<\/strong> avec des universit\u00e9s et institutions \u00e9trang\u00e8res. Elle a d\u00e9j\u00e0 des accords en place avec UniMoRe, UniBo, UniPr et le Conservatoire Vecchi-Tonelli, mais peut \u00e9tendre ces partenariats \u00e0 d\u2019autres \u00e9tablissements d\u2019enseignement sup\u00e9rieur.<\/p><p>Pour candidater:<br>Envoyer un CV \u00e0 <a href=\"mailto:info@grandezzemeraviglie.it\">info@grandezzemeraviglie.it<\/a> ou postuler via les plateformes universitaires appropri\u00e9es.<\/p><p>Il est possible de r\u00e9aliser des exp\u00e9riences <strong>d&rsquo;alternance travail-\u00e9tudes<\/strong> par le biais de conventions avec des \u00e9tablissements scolaires sup\u00e9rieurs.<\/p><p>Les \u00e9tudiants et stagiaires peuvent contribuer aux activit\u00e9s suivantes :<\/p><ul><li>Pr\u00e9paration logistique et promotionnelle des concerts et conf\u00e9rences.<\/li><li>Accueil du public.<\/li><li>Soutien aux t\u00e2ches administratives.<\/li><li>R\u00e9daction et cr\u00e9ation de contenus pour la communication.<\/li><li>Gestion et num\u00e9risation des archives du Festival.<\/li><li>Analyse et suivi des activit\u00e9s du Festival.<\/li><li>Gestion des r\u00e9seaux sociaux et du site web.<\/li><li>Gestion des r\u00e9seaux sociaux (Facebook, Instagram, YouTube) et du site WordPress, ainsi que l&rsquo;analyse des r\u00e9sultats.<\/li><\/ul>\t\t\t\t\t\t\t\t<\/div>\n\t\t\t\t<\/div>\n\t\t\t\t\t<\/div>\n\t\t\t\t<\/div>\n\t\t\t\t<\/div>\n\t\t","protected":false},"excerpt":{"rendered":"<p>L\u2019Association propose des opportunit\u00e9s de formation professionnelle. Notamment des stages et des collaborations avec des universit\u00e9s et institutions \u00e9trang\u00e8res. Elle a d\u00e9j\u00e0 des accords en place avec UniMoRe, UniBo, UniPr [&hellip;]<\/p>\n","protected":false},"author":1,"featured_media":0,"parent":0,"menu_order":0,"comment_status":"closed","ping_status":"closed","template":"","meta":{"footnotes":""},"class_list":["post-14344","page","type-page","status-publish","hentry"],"_links":{"self":[{"href":"https:\/\/www.grandezzemeraviglie.it\/fr\/wp-json\/wp\/v2\/pages\/14344","targetHints":{"allow":["GET"]}}],"collection":[{"href":"https:\/\/www.grandezzemeraviglie.it\/fr\/wp-json\/wp\/v2\/pages"}],"about":[{"href":"https:\/\/www.grandezzemeraviglie.it\/fr\/wp-json\/wp\/v2\/types\/page"}],"author":[{"embeddable":true,"href":"https:\/\/www.grandezzemeraviglie.it\/fr\/wp-json\/wp\/v2\/users\/1"}],"replies":[{"embeddable":true,"href":"https:\/\/www.grandezzemeraviglie.it\/fr\/wp-json\/wp\/v2\/comments?post=14344"}],"version-history":[{"count":3,"href":"https:\/\/www.grandezzemeraviglie.it\/fr\/wp-json\/wp\/v2\/pages\/14344\/revisions"}],"predecessor-version":[{"id":14529,"href":"https:\/\/www.grandezzemeraviglie.it\/fr\/wp-json\/wp\/v2\/pages\/14344\/revisions\/14529"}],"wp:attachment":[{"href":"https:\/\/www.grandezzemeraviglie.it\/fr\/wp-json\/wp\/v2\/media?parent=14344"}],"curies":[{"name":"wp","href":"https:\/\/api.w.org\/{rel}","templated":true}]}}