{"id":14390,"date":"2024-08-30T16:49:11","date_gmt":"2024-08-30T14:49:11","guid":{"rendered":"https:\/\/www.grandezzemeraviglie.it\/donations-soutien-donations-liberales\/"},"modified":"2025-05-12T14:59:20","modified_gmt":"2025-05-12T12:59:20","slug":"donations-soutien-donations-liberales","status":"publish","type":"page","link":"https:\/\/www.grandezzemeraviglie.it\/fr\/donations-soutien-donations-liberales\/","title":{"rendered":"Donations &amp; soutien Donations lib\u00e9rales"},"content":{"rendered":"\t\t<div data-elementor-type=\"wp-page\" data-elementor-id=\"14390\" class=\"elementor elementor-14390 elementor-612\" data-elementor-post-type=\"page\">\n\t\t\t\t<div class=\"elementor-element elementor-element-254a497 e-flex e-con-boxed e-con e-parent\" data-id=\"254a497\" data-element_type=\"container\" data-e-type=\"container\">\n\t\t\t\t\t<div class=\"e-con-inner\">\n\t\t<div class=\"elementor-element elementor-element-af19870 e-con-full e-flex e-con e-child\" data-id=\"af19870\" data-element_type=\"container\" data-e-type=\"container\">\n\t\t\t\t<div class=\"elementor-element elementor-element-90f99ed elementor-widget-divider--view-line elementor-invisible elementor-widget elementor-widget-divider\" data-id=\"90f99ed\" data-element_type=\"widget\" data-e-type=\"widget\" data-settings=\"{&quot;_animation&quot;:&quot;fadeInUp&quot;}\" data-widget_type=\"divider.default\">\n\t\t\t\t\t\t\t<div class=\"elementor-divider\">\n\t\t\t<span class=\"elementor-divider-separator\">\n\t\t\t\t\t\t<\/span>\n\t\t<\/div>\n\t\t\t\t\t\t<\/div>\n\t\t\t\t<\/div>\n\t\t<div class=\"elementor-element elementor-element-8e41ac9 e-con-full e-flex e-con e-child\" data-id=\"8e41ac9\" data-element_type=\"container\" data-e-type=\"container\">\n\t\t\t\t<\/div>\n\t\t\t\t\t<\/div>\n\t\t\t\t<\/div>\n\t\t<div class=\"elementor-element elementor-element-068c456 e-flex e-con-boxed e-con e-parent\" data-id=\"068c456\" data-element_type=\"container\" data-e-type=\"container\">\n\t\t\t\t\t<div class=\"e-con-inner\">\n\t\t<div class=\"elementor-element elementor-element-08f635f e-con-full e-flex e-con e-child\" data-id=\"08f635f\" data-element_type=\"container\" data-e-type=\"container\">\n\t\t\t\t<div class=\"elementor-element elementor-element-7bcda0e animated-slow elementor-invisible elementor-widget elementor-widget-text-editor\" data-id=\"7bcda0e\" data-element_type=\"widget\" data-e-type=\"widget\" data-settings=\"{&quot;_animation&quot;:&quot;fadeInLeft&quot;}\" data-widget_type=\"text-editor.default\">\n\t\t\t\t\t\t\t\t\tLes donations de particuliers (individus et entreprises) sont essentielles pour soutenir nos activit\u00e9s. Gr\u00e2ce \u00e0 l\u2019engagement et \u00e0 la g\u00e9n\u00e9rosit\u00e9 des donateurs, nous pouvons mener \u00e0 bien de nombreux projets \u00e9ducatifs destin\u00e9s aux \u00e9coles et aux jeunes (musiciens et non-musiciens).\t\t\t\t\t\t\t\t<\/div>\n\t\t\t\t<div class=\"elementor-element elementor-element-aec4603 animated-slow elementor-invisible elementor-widget elementor-widget-heading\" data-id=\"aec4603\" data-element_type=\"widget\" data-e-type=\"widget\" data-settings=\"{&quot;_animation&quot;:&quot;fadeInLeft&quot;}\" data-widget_type=\"heading.default\">\n\t\t\t\t\t<h2 class=\"elementor-heading-title elementor-size-default\">Donations lib\u00e9rales : avantages fiscaux pour les particuliers et les entreprises qui ont domicile fiscal en Italie<\/h2>\t\t\t\t<\/div>\n\t\t\t\t<div class=\"elementor-element elementor-element-1cb6a88 animated-slow elementor-invisible elementor-widget elementor-widget-text-editor\" data-id=\"1cb6a88\" data-element_type=\"widget\" data-e-type=\"widget\" data-settings=\"{&quot;_animation&quot;:&quot;fadeInLeft&quot;}\" data-widget_type=\"text-editor.default\">\n\t\t\t\t\t\t\t\t\t<p>En effectuant un don en argent ou en biens \u00e0 l\u2019Associazione Musicale Estense APS (Association de Promotion Sociale), le donateur peut b\u00e9n\u00e9ficier de :<\/p><ul><li>Une d\u00e9duction fiscale en Italie de 30 % pour un maximum de 30 000 \u20ac de don.<\/li><li>Une d\u00e9duction en Italie allant jusqu\u2019\u00e0 10 % du revenu total d\u00e9clar\u00e9.<\/li><li>Un cr\u00e9dit d\u2019imp\u00f4t en Italie de 65 % du montant du don (via l\u2019Art-Bonus).<\/li><\/ul>\t\t\t\t\t\t\t\t<\/div>\n\t\t\t\t<div class=\"elementor-element elementor-element-21d8fc9 animated-slow elementor-invisible elementor-widget elementor-widget-text-editor\" data-id=\"21d8fc9\" data-element_type=\"widget\" data-e-type=\"widget\" data-settings=\"{&quot;_animation&quot;:&quot;fadeInLeft&quot;}\" data-widget_type=\"text-editor.default\">\n\t\t\t\t\t\t\t\t\t<p><strong>Les donations lib\u00e9rales<\/strong> sont des contributions financi\u00e8res destin\u00e9es \u00e0 soutenir l\u2019engagement social, culturel, scientifique et civique d\u2019organisations et d\u2019associations \u00e0 but non lucratif.<br>Le syst\u00e8me fiscal italien pr\u00e9voit plusieurs incitations pour les contribuables effectuant des donations lib\u00e9rales en faveur de ces organisations, sous forme de d\u00e9ductions fiscales ou de r\u00e9ductions de l\u2019imp\u00f4t sur le revenu.<\/p><p>L\u2019Associazione Musicale Estense est inscrite \u00e0 la section provinciale de Mod\u00e8ne du Registre R\u00e9gional du Volontariat, section provinciale de Mod\u00e8ne, acte n\u00b0 69 du 21\/05\/2003 \u2013 code SITS 948.<\/p><p><strong>En ce qui concerne les donations en nature<\/strong>, le <a href=\"https:\/\/www.gazzettaufficiale.it\/atto\/vediMenuHTML?atto.dataPubblicazioneGazzetta=2020-01-30&amp;atto.codiceRedazionale=20A00570&amp;tipoSerie=serie_generale&amp;tipoVigenza=originario\" target=\"_blank\" rel=\"noopener\">d\u00e9cret minist\u00e9riel du Minist\u00e8re du Travail et des Politiques Sociales du 28 novembre 2019<\/a> a \u00e9tabli les crit\u00e8res d\u2019\u00e9valuation des biens donn\u00e9s en faveur des organismes du Tiers Secteur.<\/p>\t\t\t\t\t\t\t\t<\/div>\n\t\t\t\t<div class=\"elementor-element elementor-element-acd9ee9 animated-slow elementor-invisible elementor-widget elementor-widget-heading\" data-id=\"acd9ee9\" data-element_type=\"widget\" data-e-type=\"widget\" data-settings=\"{&quot;_animation&quot;:&quot;fadeInLeft&quot;}\" data-widget_type=\"heading.default\">\n\t\t\t\t\t<h4 class=\"elementor-heading-title elementor-size-default\">Coordinate Bancarie<\/h4>\t\t\t\t<\/div>\n\t\t\t\t<div class=\"elementor-element elementor-element-9f5fa1f animated-slow elementor-invisible elementor-widget elementor-widget-text-editor\" data-id=\"9f5fa1f\" data-element_type=\"widget\" data-e-type=\"widget\" data-settings=\"{&quot;_animation&quot;:&quot;fadeInLeft&quot;}\" data-widget_type=\"text-editor.default\">\n\t\t\t\t\t\t\t\t\t<p>Intestazione: Associazione Musicale Estense APS<br>IBAN: IT11L0200812930000003393830<\/p><p><strong><em>BIC\/SWIFT: UNCRITM1MO0<\/em><\/strong><\/p><p>Unicredit \u2013 Modena, Piazza Grande<\/p>\t\t\t\t\t\t\t\t<\/div>\n\t\t\t\t<\/div>\n\t\t<div class=\"elementor-element elementor-element-7a3074a e-con-full e-flex e-con e-child\" data-id=\"7a3074a\" data-element_type=\"container\" data-e-type=\"container\">\n\t\t\t\t<div class=\"elementor-element elementor-element-5d8d088 animated-slow elementor-invisible elementor-widget elementor-widget-image\" data-id=\"5d8d088\" data-element_type=\"widget\" data-e-type=\"widget\" data-settings=\"{&quot;_animation&quot;:&quot;fadeInUp&quot;,&quot;motion_fx_motion_fx_scrolling&quot;:&quot;yes&quot;,&quot;motion_fx_translateY_effect&quot;:&quot;yes&quot;,&quot;motion_fx_translateY_speed&quot;:{&quot;unit&quot;:&quot;px&quot;,&quot;size&quot;:2.5,&quot;sizes&quot;:[]},&quot;motion_fx_translateY_affectedRange&quot;:{&quot;unit&quot;:&quot;%&quot;,&quot;size&quot;:&quot;&quot;,&quot;sizes&quot;:{&quot;start&quot;:0,&quot;end&quot;:70}},&quot;motion_fx_devices&quot;:[&quot;desktop&quot;]}\" data-widget_type=\"image.default\">\n\t\t\t\t\t\t\t\t\t\t\t\t\t\t\t<img fetchpriority=\"high\" decoding=\"async\" width=\"410\" height=\"1024\" src=\"https:\/\/www.grandezzemeraviglie.it\/wp-content\/uploads\/2024\/08\/erogazioni-liberali-side-410x1024.webp\" class=\"attachment-large size-large wp-image-11809\" alt=\"\" srcset=\"https:\/\/www.grandezzemeraviglie.it\/wp-content\/uploads\/2024\/08\/erogazioni-liberali-side-410x1024.webp 410w, https:\/\/www.grandezzemeraviglie.it\/wp-content\/uploads\/2024\/08\/erogazioni-liberali-side-120x300.webp 120w, https:\/\/www.grandezzemeraviglie.it\/wp-content\/uploads\/2024\/08\/erogazioni-liberali-side.webp 600w\" sizes=\"(max-width: 410px) 100vw, 410px\" \/>\t\t\t\t\t\t\t\t\t\t\t\t\t\t\t<\/div>\n\t\t\t\t<div class=\"elementor-element elementor-element-542d88e elementor-widget elementor-widget-heading\" data-id=\"542d88e\" data-element_type=\"widget\" data-e-type=\"widget\" data-settings=\"{&quot;motion_fx_motion_fx_scrolling&quot;:&quot;yes&quot;,&quot;motion_fx_translateX_effect&quot;:&quot;yes&quot;,&quot;motion_fx_translateX_direction&quot;:&quot;negative&quot;,&quot;motion_fx_translateX_speed&quot;:{&quot;unit&quot;:&quot;px&quot;,&quot;size&quot;:0.6999999999999999555910790149937383830547332763671875,&quot;sizes&quot;:[]},&quot;motion_fx_translateX_affectedRange&quot;:{&quot;unit&quot;:&quot;%&quot;,&quot;size&quot;:&quot;&quot;,&quot;sizes&quot;:{&quot;start&quot;:0,&quot;end&quot;:50}},&quot;motion_fx_devices&quot;:[&quot;desktop&quot;,&quot;tablet&quot;,&quot;mobile&quot;]}\" data-widget_type=\"heading.default\">\n\t\t\t\t\t<h6 class=\"elementor-heading-title elementor-size-default\">Viola contralto, Antonio e Girolamo Amati, primi decenni del sec. XVII, Galerie Estense, Mod\u00e8ne, photo de G. Giliberti<\/h6>\t\t\t\t<\/div>\n\t\t\t\t<\/div>\n\t\t\t\t\t<\/div>\n\t\t\t\t<\/div>\n\t\t\t\t<\/div>\n\t\t","protected":false},"excerpt":{"rendered":"<p>Les donations de particuliers (individus et entreprises) sont essentielles pour soutenir nos activit\u00e9s. Gr\u00e2ce \u00e0 l\u2019engagement et \u00e0 la g\u00e9n\u00e9rosit\u00e9 des donateurs, nous pouvons mener \u00e0 bien de nombreux projets [&hellip;]<\/p>\n","protected":false},"author":1,"featured_media":0,"parent":0,"menu_order":0,"comment_status":"closed","ping_status":"closed","template":"","meta":{"footnotes":""},"class_list":["post-14390","page","type-page","status-publish","hentry"],"_links":{"self":[{"href":"https:\/\/www.grandezzemeraviglie.it\/fr\/wp-json\/wp\/v2\/pages\/14390","targetHints":{"allow":["GET"]}}],"collection":[{"href":"https:\/\/www.grandezzemeraviglie.it\/fr\/wp-json\/wp\/v2\/pages"}],"about":[{"href":"https:\/\/www.grandezzemeraviglie.it\/fr\/wp-json\/wp\/v2\/types\/page"}],"author":[{"embeddable":true,"href":"https:\/\/www.grandezzemeraviglie.it\/fr\/wp-json\/wp\/v2\/users\/1"}],"replies":[{"embeddable":true,"href":"https:\/\/www.grandezzemeraviglie.it\/fr\/wp-json\/wp\/v2\/comments?post=14390"}],"version-history":[{"count":6,"href":"https:\/\/www.grandezzemeraviglie.it\/fr\/wp-json\/wp\/v2\/pages\/14390\/revisions"}],"predecessor-version":[{"id":14765,"href":"https:\/\/www.grandezzemeraviglie.it\/fr\/wp-json\/wp\/v2\/pages\/14390\/revisions\/14765"}],"wp:attachment":[{"href":"https:\/\/www.grandezzemeraviglie.it\/fr\/wp-json\/wp\/v2\/media?parent=14390"}],"curies":[{"name":"wp","href":"https:\/\/api.w.org\/{rel}","templated":true}]}}