{"id":14408,"date":"2024-08-30T14:10:36","date_gmt":"2024-08-30T12:10:36","guid":{"rendered":"https:\/\/www.grandezzemeraviglie.it\/devenir-membre\/"},"modified":"2025-05-19T15:38:40","modified_gmt":"2025-05-19T13:38:40","slug":"devenir-membre","status":"publish","type":"page","link":"https:\/\/www.grandezzemeraviglie.it\/fr\/devenir-membre\/","title":{"rendered":"Devenir membre"},"content":{"rendered":"\t\t<div data-elementor-type=\"wp-page\" data-elementor-id=\"14408\" class=\"elementor elementor-14408 elementor-563\" data-elementor-post-type=\"page\">\n\t\t\t\t<div class=\"elementor-element elementor-element-8f47d49 e-flex e-con-boxed e-con e-parent\" data-id=\"8f47d49\" data-element_type=\"container\" data-e-type=\"container\">\n\t\t\t\t\t<div class=\"e-con-inner\">\n\t\t<div class=\"elementor-element elementor-element-fde6d65 e-con-full e-flex e-con e-child\" data-id=\"fde6d65\" data-element_type=\"container\" data-e-type=\"container\">\n\t\t\t\t<div class=\"elementor-element elementor-element-8541603 elementor-widget-divider--view-line elementor-invisible elementor-widget elementor-widget-divider\" data-id=\"8541603\" data-element_type=\"widget\" data-e-type=\"widget\" data-settings=\"{&quot;_animation&quot;:&quot;fadeInUp&quot;}\" data-widget_type=\"divider.default\">\n\t\t\t\t\t\t\t<div class=\"elementor-divider\">\n\t\t\t<span class=\"elementor-divider-separator\">\n\t\t\t\t\t\t<\/span>\n\t\t<\/div>\n\t\t\t\t\t\t<\/div>\n\t\t\t\t<\/div>\n\t\t<div class=\"elementor-element elementor-element-caf38c5 e-con-full e-flex e-con e-child\" data-id=\"caf38c5\" data-element_type=\"container\" data-e-type=\"container\">\n\t\t\t\t<\/div>\n\t\t\t\t\t<\/div>\n\t\t\t\t<\/div>\n\t\t<div class=\"elementor-element elementor-element-27891a5 e-flex e-con-boxed e-con e-parent\" data-id=\"27891a5\" data-element_type=\"container\" data-e-type=\"container\">\n\t\t\t\t\t<div class=\"e-con-inner\">\n\t\t<div class=\"elementor-element elementor-element-b1b780a e-con-full e-flex e-con e-child\" data-id=\"b1b780a\" data-element_type=\"container\" data-e-type=\"container\">\n\t\t\t\t<div class=\"elementor-element elementor-element-f43c2ac elementor-position-inline-start elementor-mobile-position-inline-start animated-slow elementor-view-default elementor-invisible elementor-widget elementor-widget-icon-box\" data-id=\"f43c2ac\" data-element_type=\"widget\" data-e-type=\"widget\" data-settings=\"{&quot;_animation&quot;:&quot;fadeInLeft&quot;}\" data-widget_type=\"icon-box.default\">\n\t\t\t\t\t\t\t<div class=\"elementor-icon-box-wrapper\">\n\n\t\t\t\t\t\t<div class=\"elementor-icon-box-icon\">\n\t\t\t\t<span  class=\"elementor-icon\">\n\t\t\t\t<i aria-hidden=\"true\" class=\"icon icon-right-arrow1\"><\/i>\t\t\t\t<\/span>\n\t\t\t<\/div>\n\t\t\t\n\t\t\t\t\t\t<div class=\"elementor-icon-box-content\">\n\n\t\t\t\t\t\t\t\t\t<h3 class=\"elementor-icon-box-title\">\n\t\t\t\t\t\t<span  >\n\t\t\t\t\t\t\tPourquoi adh\u00e9rer ?\t\t\t\t\t\t<\/span>\n\t\t\t\t\t<\/h3>\n\t\t\t\t\n\t\t\t\t\t\t\t\t\t<p class=\"elementor-icon-box-description\">\n\t\t\t\t\t\tUn membre est avant tout un ami du Festival, ayant la possibilit\u00e9 de participer et de soutenir les activit\u00e9s de l\u2019Association, d\u2019acc\u00e9der \u00e0 tarif r\u00e9duit aux spectacles payants organis\u00e9s et de b\u00e9n\u00e9ficier des conventions \u00e9tablies avec des tiers.\n\nUn membre est consid\u00e9r\u00e9 comme actif s\u2019il est en r\u00e8gle avec le paiement de la cotisation annuelle.\n\nUne carte de membre annuelle est d\u00e9livr\u00e9e.\t\t\t\t\t<\/p>\n\t\t\t\t\n\t\t\t<\/div>\n\t\t\t\n\t\t<\/div>\n\t\t\t\t\t\t<\/div>\n\t\t\t\t<div class=\"elementor-element elementor-element-2567c6c elementor-position-inline-start elementor-mobile-position-inline-start animated-slow elementor-view-default elementor-invisible elementor-widget elementor-widget-icon-box\" data-id=\"2567c6c\" data-element_type=\"widget\" data-e-type=\"widget\" data-settings=\"{&quot;_animation&quot;:&quot;fadeInLeft&quot;}\" data-widget_type=\"icon-box.default\">\n\t\t\t\t\t\t\t<div class=\"elementor-icon-box-wrapper\">\n\n\t\t\t\t\t\t<div class=\"elementor-icon-box-icon\">\n\t\t\t\t<span  class=\"elementor-icon\">\n\t\t\t\t<i aria-hidden=\"true\" class=\"icon icon-right-arrow1\"><\/i>\t\t\t\t<\/span>\n\t\t\t<\/div>\n\t\t\t\n\t\t\t\t\t\t<div class=\"elementor-icon-box-content\">\n\n\t\t\t\t\t\t\t\t\t<h3 class=\"elementor-icon-box-title\">\n\t\t\t\t\t\t<span  >\n\t\t\t\t\t\t\tCotisations annuelles :\t\t\t\t\t\t<\/span>\n\t\t\t\t\t<\/h3>\n\t\t\t\t\n\t\t\t\t\t\t\t\t\t<p class=\"elementor-icon-box-description\">\n\t\t\t\t\t\t<ul>\n<li><strong>Membre ordinaire<\/strong> : 10 \u20ac<\/li>\n<li><strong>Membre bienfaiteur<\/strong> : 10 \u20ac + don de 40 \u20ac<\/li>\n<li><strong>Membre financeur<\/strong> : 10 \u20ac + don de 140 \u20ac<\/li>\n<\/ul><br><p>Eseguendo una donazione liberale con modalit\u00e0 tracciabile, si pu\u00f2 ottenere una detrazione dall\u2019IRPEF pari al 30% delle erogazioni in denaro (art. 14 del D.L. n. 35\/2005).<\/p>\n<p><strong>Avantages pour tous les membres :<\/strong>\n<\/p><ul>\n<li>R\u00e9duction sur le prix de l\u2019abonnement G&amp;M et sur les spectacles organis\u00e9s par l\u2019Association.<\/li>\n<li>10 % de r\u00e9duction sur les spectacles du Th\u00e9\u00e2tre Communal de Mod\u00e8ne \"L. Pavarotti\".<\/li>\n<li>Tarifs pr\u00e9f\u00e9rentiels pour l\u2019achat de CD et DVD produits par le Festival.<\/li>\n<\/ul>\n\n<p><strong>Pour les membres financeurs :<\/strong>\n<\/p><ul>\n<li>un abonnement offert au Festival Grandezze &amp; Meraviglie<\/li>\n<\/ul>\n\t\t\t\t\t<\/p>\n\t\t\t\t\n\t\t\t<\/div>\n\t\t\t\n\t\t<\/div>\n\t\t\t\t\t\t<\/div>\n\t\t\t\t<div class=\"elementor-element elementor-element-6921217 elementor-position-inline-start animated-slow elementor-mobile-position-inline-start elementor-view-default elementor-invisible elementor-widget elementor-widget-icon-box\" data-id=\"6921217\" data-element_type=\"widget\" data-e-type=\"widget\" data-settings=\"{&quot;_animation&quot;:&quot;fadeInLeft&quot;}\" data-widget_type=\"icon-box.default\">\n\t\t\t\t\t\t\t<div class=\"elementor-icon-box-wrapper\">\n\n\t\t\t\t\t\t<div class=\"elementor-icon-box-icon\">\n\t\t\t\t<span  class=\"elementor-icon\">\n\t\t\t\t<i aria-hidden=\"true\" class=\"icon icon-right-arrow1\"><\/i>\t\t\t\t<\/span>\n\t\t\t<\/div>\n\t\t\t\n\t\t\t\t\t\t<div class=\"elementor-icon-box-content\">\n\n\t\t\t\t\t\t\t\t\t<h3 class=\"elementor-icon-box-title\">\n\t\t\t\t\t\t<span  >\n\t\t\t\t\t\t\tComment adh\u00e9rer ?\t\t\t\t\t\t<\/span>\n\t\t\t\t\t<\/h3>\n\t\t\t\t\n\t\t\t\t\t\t\t\t\t<p class=\"elementor-icon-box-description\">\n\t\t\t\t\t\t<ul>\n<li>Au si\u00e8ge du Festival, via Ganaceto 40B, t\u00e9l. (+39) 059 214333 \/ sur rendez-vous.<\/li>\n<li>Par virement bancaire, en indiquant dans l\u2019objet \"Quota associativa\" avec nom et pr\u00e9nom :<br>IBAN : IT 11 L 02008 12930 000003393830 SWIFT\/BIC UNCRITM1MO0<br>BIC\/SWIFT: UNCRITM1MO0 <br><\/li>\n<li>Pendant le Festival, aux points de vente des billets.<\/li>\n<\/ul>\t\t\t\t\t<\/p>\n\t\t\t\t\n\t\t\t<\/div>\n\t\t\t\n\t\t<\/div>\n\t\t\t\t\t\t<\/div>\n\t\t\t\t<\/div>\n\t\t<div class=\"elementor-element elementor-element-1ed40f5 e-con-full e-flex e-con e-child\" data-id=\"1ed40f5\" data-element_type=\"container\" data-e-type=\"container\">\n\t\t\t\t<div class=\"elementor-element elementor-element-419ee76 elementor-invisible elementor-widget elementor-widget-image\" data-id=\"419ee76\" data-element_type=\"widget\" data-e-type=\"widget\" data-settings=\"{&quot;_animation&quot;:&quot;fadeInUp&quot;,&quot;motion_fx_motion_fx_scrolling&quot;:&quot;yes&quot;,&quot;motion_fx_translateY_effect&quot;:&quot;yes&quot;,&quot;motion_fx_translateY_speed&quot;:{&quot;unit&quot;:&quot;px&quot;,&quot;size&quot;:2.5,&quot;sizes&quot;:[]},&quot;motion_fx_translateY_affectedRange&quot;:{&quot;unit&quot;:&quot;%&quot;,&quot;size&quot;:&quot;&quot;,&quot;sizes&quot;:{&quot;start&quot;:0,&quot;end&quot;:69}},&quot;motion_fx_devices&quot;:[&quot;desktop&quot;]}\" data-widget_type=\"image.default\">\n\t\t\t\t\t\t\t\t\t\t\t\t\t\t\t<img fetchpriority=\"high\" decoding=\"async\" width=\"358\" height=\"1024\" src=\"https:\/\/www.grandezzemeraviglie.it\/wp-content\/uploads\/2024\/08\/Associati-side-358x1024.webp\" class=\"attachment-large size-large wp-image-11807\" alt=\"\" srcset=\"https:\/\/www.grandezzemeraviglie.it\/wp-content\/uploads\/2024\/08\/Associati-side-358x1024.webp 358w, https:\/\/www.grandezzemeraviglie.it\/wp-content\/uploads\/2024\/08\/Associati-side-105x300.webp 105w, https:\/\/www.grandezzemeraviglie.it\/wp-content\/uploads\/2024\/08\/Associati-side.webp 524w\" sizes=\"(max-width: 358px) 100vw, 358px\" \/>\t\t\t\t\t\t\t\t\t\t\t\t\t\t\t<\/div>\n\t\t\t\t<div class=\"elementor-element elementor-element-23a4d2f elementor-widget elementor-widget-heading\" data-id=\"23a4d2f\" data-element_type=\"widget\" data-e-type=\"widget\" data-settings=\"{&quot;motion_fx_motion_fx_scrolling&quot;:&quot;yes&quot;,&quot;motion_fx_translateX_effect&quot;:&quot;yes&quot;,&quot;motion_fx_translateX_direction&quot;:&quot;negative&quot;,&quot;motion_fx_translateX_speed&quot;:{&quot;unit&quot;:&quot;px&quot;,&quot;size&quot;:0.6999999999999999555910790149937383830547332763671875,&quot;sizes&quot;:[]},&quot;motion_fx_translateX_affectedRange&quot;:{&quot;unit&quot;:&quot;%&quot;,&quot;size&quot;:&quot;&quot;,&quot;sizes&quot;:{&quot;start&quot;:0,&quot;end&quot;:50}},&quot;motion_fx_devices&quot;:[&quot;desktop&quot;,&quot;tablet&quot;,&quot;mobile&quot;]}\" data-widget_type=\"heading.default\">\n\t\t\t\t\t<h6 class=\"elementor-heading-title elementor-size-default\">Violino in marmo, Giovan Battista Cassarini, 1687, marmo bianco di Carrata, Galleria Estense, Modena, foto di G. Giliberti<\/h6>\t\t\t\t<\/div>\n\t\t\t\t<\/div>\n\t\t\t\t\t<\/div>\n\t\t\t\t<\/div>\n\t\t\t\t<\/div>\n\t\t","protected":false},"excerpt":{"rendered":"<p>Pourquoi adh\u00e9rer ? Un membre est avant tout un ami du Festival, ayant la possibilit\u00e9 de participer et de soutenir les activit\u00e9s de l\u2019Association, d\u2019acc\u00e9der \u00e0 tarif r\u00e9duit aux spectacles [&hellip;]<\/p>\n","protected":false},"author":1,"featured_media":0,"parent":0,"menu_order":0,"comment_status":"closed","ping_status":"closed","template":"","meta":{"footnotes":""},"class_list":["post-14408","page","type-page","status-publish","hentry"],"_links":{"self":[{"href":"https:\/\/www.grandezzemeraviglie.it\/fr\/wp-json\/wp\/v2\/pages\/14408","targetHints":{"allow":["GET"]}}],"collection":[{"href":"https:\/\/www.grandezzemeraviglie.it\/fr\/wp-json\/wp\/v2\/pages"}],"about":[{"href":"https:\/\/www.grandezzemeraviglie.it\/fr\/wp-json\/wp\/v2\/types\/page"}],"author":[{"embeddable":true,"href":"https:\/\/www.grandezzemeraviglie.it\/fr\/wp-json\/wp\/v2\/users\/1"}],"replies":[{"embeddable":true,"href":"https:\/\/www.grandezzemeraviglie.it\/fr\/wp-json\/wp\/v2\/comments?post=14408"}],"version-history":[{"count":3,"href":"https:\/\/www.grandezzemeraviglie.it\/fr\/wp-json\/wp\/v2\/pages\/14408\/revisions"}],"predecessor-version":[{"id":14847,"href":"https:\/\/www.grandezzemeraviglie.it\/fr\/wp-json\/wp\/v2\/pages\/14408\/revisions\/14847"}],"wp:attachment":[{"href":"https:\/\/www.grandezzemeraviglie.it\/fr\/wp-json\/wp\/v2\/media?parent=14408"}],"curies":[{"name":"wp","href":"https:\/\/api.w.org\/{rel}","templated":true}]}}