{"id":563,"date":"2024-08-30T14:10:36","date_gmt":"2024-08-30T12:10:36","guid":{"rendered":"https:\/\/www.grandezzemeraviglie.it\/?page_id=563"},"modified":"2026-02-27T15:55:13","modified_gmt":"2026-02-27T14:55:13","slug":"associarsi","status":"publish","type":"page","link":"https:\/\/www.grandezzemeraviglie.it\/it\/associarsi\/","title":{"rendered":"Associarsi"},"content":{"rendered":"\t\t<div data-elementor-type=\"wp-page\" data-elementor-id=\"563\" class=\"elementor elementor-563\" data-elementor-post-type=\"page\">\n\t\t\t\t<div class=\"elementor-element elementor-element-8f47d49 e-flex e-con-boxed e-con e-parent\" data-id=\"8f47d49\" data-element_type=\"container\" data-e-type=\"container\">\n\t\t\t\t\t<div class=\"e-con-inner\">\n\t\t<div class=\"elementor-element elementor-element-fde6d65 e-con-full e-flex e-con e-child\" data-id=\"fde6d65\" data-element_type=\"container\" data-e-type=\"container\">\n\t\t\t\t<div class=\"elementor-element elementor-element-8541603 elementor-widget-divider--view-line elementor-invisible elementor-widget elementor-widget-divider\" data-id=\"8541603\" data-element_type=\"widget\" data-e-type=\"widget\" data-settings=\"{&quot;_animation&quot;:&quot;fadeInUp&quot;}\" data-widget_type=\"divider.default\">\n\t\t\t\t\t\t\t<div class=\"elementor-divider\">\n\t\t\t<span class=\"elementor-divider-separator\">\n\t\t\t\t\t\t<\/span>\n\t\t<\/div>\n\t\t\t\t\t\t<\/div>\n\t\t\t\t<\/div>\n\t\t<div class=\"elementor-element elementor-element-caf38c5 e-con-full e-flex e-con e-child\" data-id=\"caf38c5\" data-element_type=\"container\" data-e-type=\"container\">\n\t\t\t\t<\/div>\n\t\t\t\t\t<\/div>\n\t\t\t\t<\/div>\n\t\t<div class=\"elementor-element elementor-element-27891a5 e-flex e-con-boxed e-con e-parent\" data-id=\"27891a5\" data-element_type=\"container\" data-e-type=\"container\">\n\t\t\t\t\t<div class=\"e-con-inner\">\n\t\t<div class=\"elementor-element elementor-element-b1b780a e-con-full e-flex e-con e-child\" data-id=\"b1b780a\" data-element_type=\"container\" data-e-type=\"container\">\n\t\t\t\t<div class=\"elementor-element elementor-element-f43c2ac elementor-position-inline-start elementor-mobile-position-inline-start animated-slow elementor-view-default elementor-invisible elementor-widget elementor-widget-icon-box\" data-id=\"f43c2ac\" data-element_type=\"widget\" data-e-type=\"widget\" data-settings=\"{&quot;_animation&quot;:&quot;fadeInLeft&quot;}\" data-widget_type=\"icon-box.default\">\n\t\t\t\t\t\t\t<div class=\"elementor-icon-box-wrapper\">\n\n\t\t\t\t\t\t<div class=\"elementor-icon-box-icon\">\n\t\t\t\t<span  class=\"elementor-icon\">\n\t\t\t\t<i aria-hidden=\"true\" class=\"icon icon-right-arrow1\"><\/i>\t\t\t\t<\/span>\n\t\t\t<\/div>\n\t\t\t\n\t\t\t\t\t\t<div class=\"elementor-icon-box-content\">\n\n\t\t\t\t\t\t\t\t\t<h3 class=\"elementor-icon-box-title\">\n\t\t\t\t\t\t<span  >\n\t\t\t\t\t\t\tPerch\u00e9 associarsi\t\t\t\t\t\t<\/span>\n\t\t\t\t\t<\/h3>\n\t\t\t\t\n\t\t\t\t\t\t\t\t\t<p class=\"elementor-icon-box-description\">\n\t\t\t\t\t\tIl socio \u00e8 principalmente un amico del Festival che ha la possibilit\u00e0 di partecipare e sostenere le attivit\u00e0 dell\u2019Associazione, di accedere a prezzo ridotto agli spettacoli a pagamento organizzati e di usufruire delle convenzioni stipulate verso terzi.\n\nIl socio \u00e8 considerato associato se in regola col pagamento della quota dell\u2019anno in corso.\n\nAl socio verr\u00e0 consegnata una tessera associativa annuale.\t\t\t\t\t<\/p>\n\t\t\t\t\n\t\t\t<\/div>\n\t\t\t\n\t\t<\/div>\n\t\t\t\t\t\t<\/div>\n\t\t\t\t<div class=\"elementor-element elementor-element-b847268 elementor-position-inline-start elementor-mobile-position-inline-start animated-slow elementor-view-default elementor-invisible elementor-widget elementor-widget-icon-box\" data-id=\"b847268\" data-element_type=\"widget\" data-e-type=\"widget\" data-settings=\"{&quot;_animation&quot;:&quot;fadeInLeft&quot;}\" data-widget_type=\"icon-box.default\">\n\t\t\t\t\t\t\t<div class=\"elementor-icon-box-wrapper\">\n\n\t\t\t\t\t\t<div class=\"elementor-icon-box-icon\">\n\t\t\t\t<span  class=\"elementor-icon\">\n\t\t\t\t<i aria-hidden=\"true\" class=\"icon icon-right-arrow1\"><\/i>\t\t\t\t<\/span>\n\t\t\t<\/div>\n\t\t\t\n\t\t\t\t\t\t<div class=\"elementor-icon-box-content\">\n\n\t\t\t\t\t\t\t\t\t<h3 class=\"elementor-icon-box-title\">\n\t\t\t\t\t\t<span  >\n\t\t\t\t\t\t\tQuote associative\t\t\t\t\t\t<\/span>\n\t\t\t\t\t<\/h3>\n\t\t\t\t\n\t\t\t\t\n\t\t\t<\/div>\n\t\t\t\n\t\t<\/div>\n\t\t\t\t\t\t<\/div>\n\t\t\t\t<div class=\"elementor-element elementor-element-1901318 animated-slow elementor-invisible elementor-widget elementor-widget-price-list\" data-id=\"1901318\" data-element_type=\"widget\" data-e-type=\"widget\" data-settings=\"{&quot;_animation&quot;:&quot;fadeInLeft&quot;}\" data-widget_type=\"price-list.default\">\n\t\t\t\t\t\n\t\t<ul class=\"elementor-price-list\">\n\n\t\t\t\t\t\t\t\t\t<li><a class=\"elementor-price-list-item\" href=\"#\">\t\t\t\t\n\t\t\t\t<div class=\"elementor-price-list-text\">\n\t\t\t\t\t\t\t\t\t<div class=\"elementor-price-list-header\">\n\t\t\t\t\t\t\t\t\t\t\t<span class=\"elementor-price-list-title\">\n\t\t\t\t\t\t\tSOCIO ORDINARIO\t\t\t\t\t\t<\/span>\n\t\t\t\t\t\t\t\t\t\t\t\t\t\t\t\t\t\t<span class=\"elementor-price-list-separator\"><\/span>\n\t\t\t\t\t\t\t\t\t\t\t\t\t\t\t\t\t\t\t<span class=\"elementor-price-list-price\">\u20ac10<\/span>\n\t\t\t\t\t\t\t\t\t\t<\/div>\n\t\t\t\t\t\t\t\t\t\t\t\t\t\t\t<p class=\"elementor-price-list-description\">\n\t\t\t\t\t\t\tQuota associativa (\u20ac10)\t\t\t\t\t\t<\/p>\n\t\t\t\t\t\t\t\t<\/div>\n\t\t\t\t<\/a><\/li>\t\t\t\t\t\t\t\t\t\t\t\t<li><a class=\"elementor-price-list-item\" href=\"#\">\t\t\t\t\n\t\t\t\t<div class=\"elementor-price-list-text\">\n\t\t\t\t\t\t\t\t\t<div class=\"elementor-price-list-header\">\n\t\t\t\t\t\t\t\t\t\t\t<span class=\"elementor-price-list-title\">\n\t\t\t\t\t\t\tSOCIO SOSTENITORE\t\t\t\t\t\t<\/span>\n\t\t\t\t\t\t\t\t\t\t\t\t\t\t\t\t\t\t<span class=\"elementor-price-list-separator\"><\/span>\n\t\t\t\t\t\t\t\t\t\t\t\t\t\t\t\t\t\t\t<span class=\"elementor-price-list-price\">\u20ac50<\/span>\n\t\t\t\t\t\t\t\t\t\t<\/div>\n\t\t\t\t\t\t\t\t\t\t\t\t\t\t\t<p class=\"elementor-price-list-description\">\n\t\t\t\t\t\t\tQuota associativa (\u20ac10) + erogazione liberale (a partire da \u20ac40)\t\t\t\t\t\t<\/p>\n\t\t\t\t\t\t\t\t<\/div>\n\t\t\t\t<\/a><\/li>\t\t\t\t\t\t\t\t\t\t\t\t<li><a class=\"elementor-price-list-item\" href=\"#\">\t\t\t\t\n\t\t\t\t<div class=\"elementor-price-list-text\">\n\t\t\t\t\t\t\t\t\t<div class=\"elementor-price-list-header\">\n\t\t\t\t\t\t\t\t\t\t\t<span class=\"elementor-price-list-title\">\n\t\t\t\t\t\t\tSOCIO FINANZIATORE\t\t\t\t\t\t<\/span>\n\t\t\t\t\t\t\t\t\t\t\t\t\t\t\t\t\t\t<span class=\"elementor-price-list-separator\"><\/span>\n\t\t\t\t\t\t\t\t\t\t\t\t\t\t\t\t\t\t\t<span class=\"elementor-price-list-price\">\u20ac150<\/span>\n\t\t\t\t\t\t\t\t\t\t<\/div>\n\t\t\t\t\t\t\t\t\t\t\t\t\t\t\t<p class=\"elementor-price-list-description\">\n\t\t\t\t\t\t\tQuota associativa (\u20ac10) + erogazione liberale (a partire da \u20ac140)\t\t\t\t\t\t<\/p>\n\t\t\t\t\t\t\t\t<\/div>\n\t\t\t\t<\/a><\/li>\t\t\t\t\t\n\t\t<\/ul>\n\n\t\t\t\t\t\t<\/div>\n\t\t\t\t<div class=\"elementor-element elementor-element-c56ecf1 animated-slow elementor-invisible elementor-widget elementor-widget-text-editor\" data-id=\"c56ecf1\" data-element_type=\"widget\" data-e-type=\"widget\" data-settings=\"{&quot;_animation&quot;:&quot;fadeInLeft&quot;}\" data-widget_type=\"text-editor.default\">\n\t\t\t\t\t\t\t\t\t<\/ul><br><p>Eseguendo una donazione liberale con modalit\u00e0 tracciabile, si pu\u00f2 ottenere una detrazione dall\u2019IRPEF pari al 30% delle erogazioni in denaro (art. 14 del D.L. n. 35\/2005).<\/p>\n<p><strong>Tutti i soci hanno diritto a:<\/strong>\n<ul>\n<li>riduzione sul prezzo dell\u2019abbonamento G&#038;M e degli spettacoli organizzati dall\u2019Associazione<\/li>\n<li>sconto 10% per gli spettacoli del Teatro Comunale di Modena \u201cL. Pavarotti\u201d<\/li>\n<li>prezzi agevolati per l\u2019acquisto di CD e DVD prodotti dal Festival<\/li>\n<\/ul>\n<\/p>\n<p><strong>Per i soci finanziatori:<\/strong>\n<ul>\n<li>abbonamento omaggio per il Festival Grandezze &#038; Meraviglie<\/li>\n<\/ul>\n<\/p>\t\t\t\t\t\t\t\t<\/div>\n\t\t\t\t<div class=\"elementor-element elementor-element-6921217 elementor-position-inline-start animated-slow elementor-mobile-position-inline-start elementor-view-default elementor-invisible elementor-widget elementor-widget-icon-box\" data-id=\"6921217\" data-element_type=\"widget\" data-e-type=\"widget\" data-settings=\"{&quot;_animation&quot;:&quot;fadeInLeft&quot;}\" data-widget_type=\"icon-box.default\">\n\t\t\t\t\t\t\t<div class=\"elementor-icon-box-wrapper\">\n\n\t\t\t\t\t\t<div class=\"elementor-icon-box-icon\">\n\t\t\t\t<span  class=\"elementor-icon\">\n\t\t\t\t<i aria-hidden=\"true\" class=\"icon icon-right-arrow1\"><\/i>\t\t\t\t<\/span>\n\t\t\t<\/div>\n\t\t\t\n\t\t\t\t\t\t<div class=\"elementor-icon-box-content\">\n\n\t\t\t\t\t\t\t\t\t<h3 class=\"elementor-icon-box-title\">\n\t\t\t\t\t\t<span  >\n\t\t\t\t\t\t\tCome associarsi\t\t\t\t\t\t<\/span>\n\t\t\t\t\t<\/h3>\n\t\t\t\t\n\t\t\t\t\t\t\t\t\t<p class=\"elementor-icon-box-description\">\n\t\t\t\t\t\t<ul>\n<li>Presso la sede del Festival, via Ganaceto 40B, tel. (+39) 059 214333 \/ su appuntamento<\/li>\n<li>Con bonifico bancario, indicando nella causale del bonifico \u201cQuota associativa\u201d e il nome e cognome dell\u2019associato, da effettuarsi presso:<br>\nIBAN: IT 11 L 02008 12930 000003393830 (UNICREDIT)<br>BIC\/SWIFT: UNCRITM1MO0 <br>\n<\/li>\n<li>Durante il Festival presso i punti vendita dei biglietti<\/li>\n<\/ul>\t\t\t\t\t<\/p>\n\t\t\t\t\n\t\t\t<\/div>\n\t\t\t\n\t\t<\/div>\n\t\t\t\t\t\t<\/div>\n\t\t\t\t<\/div>\n\t\t<div class=\"elementor-element elementor-element-1ed40f5 e-con-full e-flex e-con e-child\" data-id=\"1ed40f5\" data-element_type=\"container\" data-e-type=\"container\">\n\t\t\t\t<div class=\"elementor-element elementor-element-419ee76 elementor-invisible elementor-widget elementor-widget-image\" data-id=\"419ee76\" data-element_type=\"widget\" data-e-type=\"widget\" data-settings=\"{&quot;_animation&quot;:&quot;fadeInUp&quot;,&quot;motion_fx_motion_fx_scrolling&quot;:&quot;yes&quot;,&quot;motion_fx_translateY_effect&quot;:&quot;yes&quot;,&quot;motion_fx_translateY_speed&quot;:{&quot;unit&quot;:&quot;px&quot;,&quot;size&quot;:2.5,&quot;sizes&quot;:[]},&quot;motion_fx_translateY_affectedRange&quot;:{&quot;unit&quot;:&quot;%&quot;,&quot;size&quot;:&quot;&quot;,&quot;sizes&quot;:{&quot;start&quot;:0,&quot;end&quot;:69}},&quot;motion_fx_devices&quot;:[&quot;desktop&quot;]}\" data-widget_type=\"image.default\">\n\t\t\t\t\t\t\t\t\t\t\t\t\t\t\t<img fetchpriority=\"high\" decoding=\"async\" width=\"358\" height=\"1024\" src=\"https:\/\/www.grandezzemeraviglie.it\/wp-content\/uploads\/2024\/08\/Associati-side-358x1024.webp\" class=\"attachment-large size-large wp-image-567\" alt=\"\" srcset=\"https:\/\/www.grandezzemeraviglie.it\/wp-content\/uploads\/2024\/08\/Associati-side-358x1024.webp 358w, https:\/\/www.grandezzemeraviglie.it\/wp-content\/uploads\/2024\/08\/Associati-side-105x300.webp 105w, https:\/\/www.grandezzemeraviglie.it\/wp-content\/uploads\/2024\/08\/Associati-side.webp 524w\" sizes=\"(max-width: 358px) 100vw, 358px\" \/>\t\t\t\t\t\t\t\t\t\t\t\t\t\t\t<\/div>\n\t\t\t\t<div class=\"elementor-element elementor-element-23a4d2f elementor-widget elementor-widget-heading\" data-id=\"23a4d2f\" data-element_type=\"widget\" data-e-type=\"widget\" data-settings=\"{&quot;motion_fx_motion_fx_scrolling&quot;:&quot;yes&quot;,&quot;motion_fx_translateX_effect&quot;:&quot;yes&quot;,&quot;motion_fx_translateX_direction&quot;:&quot;negative&quot;,&quot;motion_fx_translateX_speed&quot;:{&quot;unit&quot;:&quot;px&quot;,&quot;size&quot;:0.6999999999999999555910790149937383830547332763671875,&quot;sizes&quot;:[]},&quot;motion_fx_translateX_affectedRange&quot;:{&quot;unit&quot;:&quot;%&quot;,&quot;size&quot;:&quot;&quot;,&quot;sizes&quot;:{&quot;start&quot;:0,&quot;end&quot;:50}},&quot;motion_fx_devices&quot;:[&quot;desktop&quot;,&quot;tablet&quot;,&quot;mobile&quot;]}\" data-widget_type=\"heading.default\">\n\t\t\t\t\t<h6 class=\"elementor-heading-title elementor-size-default\">Violino in marmo, Giovan Battista Cassarini, 1687, marmo bianco di Carrata, Galleria Estense, Modena, foto di G. Giliberti<\/h6>\t\t\t\t<\/div>\n\t\t\t\t<\/div>\n\t\t\t\t\t<\/div>\n\t\t\t\t<\/div>\n\t\t\t\t<\/div>\n\t\t","protected":false},"excerpt":{"rendered":"<p>Perch\u00e9 associarsi Il socio \u00e8 principalmente un amico del Festival che ha la possibilit\u00e0 di partecipare e sostenere le attivit\u00e0 dell\u2019Associazione, di accedere a prezzo ridotto agli spettacoli a pagamento [&hellip;]<\/p>\n","protected":false},"author":1,"featured_media":0,"parent":0,"menu_order":0,"comment_status":"closed","ping_status":"closed","template":"","meta":{"footnotes":""},"class_list":["post-563","page","type-page","status-publish","hentry"],"_links":{"self":[{"href":"https:\/\/www.grandezzemeraviglie.it\/it\/wp-json\/wp\/v2\/pages\/563","targetHints":{"allow":["GET"]}}],"collection":[{"href":"https:\/\/www.grandezzemeraviglie.it\/it\/wp-json\/wp\/v2\/pages"}],"about":[{"href":"https:\/\/www.grandezzemeraviglie.it\/it\/wp-json\/wp\/v2\/types\/page"}],"author":[{"embeddable":true,"href":"https:\/\/www.grandezzemeraviglie.it\/it\/wp-json\/wp\/v2\/users\/1"}],"replies":[{"embeddable":true,"href":"https:\/\/www.grandezzemeraviglie.it\/it\/wp-json\/wp\/v2\/comments?post=563"}],"version-history":[{"count":26,"href":"https:\/\/www.grandezzemeraviglie.it\/it\/wp-json\/wp\/v2\/pages\/563\/revisions"}],"predecessor-version":[{"id":20135,"href":"https:\/\/www.grandezzemeraviglie.it\/it\/wp-json\/wp\/v2\/pages\/563\/revisions\/20135"}],"wp:attachment":[{"href":"https:\/\/www.grandezzemeraviglie.it\/it\/wp-json\/wp\/v2\/media?parent=563"}],"curies":[{"name":"wp","href":"https:\/\/api.w.org\/{rel}","templated":true}]}}