{"id":767,"date":"2024-09-02T15:21:21","date_gmt":"2024-09-02T13:21:21","guid":{"rendered":"https:\/\/www.grandezzemeraviglie.it\/?page_id=767"},"modified":"2025-05-27T10:07:40","modified_gmt":"2025-05-27T08:07:40","slug":"la-nostra-storia","status":"publish","type":"page","link":"https:\/\/www.grandezzemeraviglie.it\/it\/la-nostra-storia\/","title":{"rendered":"La Nostra Storia"},"content":{"rendered":"\t\t<div data-elementor-type=\"wp-page\" data-elementor-id=\"767\" class=\"elementor elementor-767\" data-elementor-post-type=\"page\">\n\t\t\t\t<div class=\"elementor-element elementor-element-254a497 e-flex e-con-boxed e-con e-parent\" data-id=\"254a497\" data-element_type=\"container\" data-e-type=\"container\">\n\t\t\t\t\t<div class=\"e-con-inner\">\n\t\t<div class=\"elementor-element elementor-element-af19870 e-con-full e-flex e-con e-child\" data-id=\"af19870\" data-element_type=\"container\" data-e-type=\"container\">\n\t\t\t\t<div class=\"elementor-element elementor-element-90f99ed elementor-widget-divider--view-line elementor-invisible elementor-widget elementor-widget-divider\" data-id=\"90f99ed\" data-element_type=\"widget\" data-e-type=\"widget\" data-settings=\"{&quot;_animation&quot;:&quot;fadeInUp&quot;}\" data-widget_type=\"divider.default\">\n\t\t\t\t\t\t\t<div class=\"elementor-divider\">\n\t\t\t<span class=\"elementor-divider-separator\">\n\t\t\t\t\t\t<\/span>\n\t\t<\/div>\n\t\t\t\t\t\t<\/div>\n\t\t\t\t<\/div>\n\t\t<div class=\"elementor-element elementor-element-8e41ac9 e-con-full e-flex e-con e-child\" data-id=\"8e41ac9\" data-element_type=\"container\" data-e-type=\"container\">\n\t\t\t\t<\/div>\n\t\t\t\t\t<\/div>\n\t\t\t\t<\/div>\n\t\t<div class=\"elementor-element elementor-element-068c456 e-flex e-con-boxed e-con e-parent\" data-id=\"068c456\" data-element_type=\"container\" data-e-type=\"container\">\n\t\t\t\t\t<div class=\"e-con-inner\">\n\t\t<div class=\"elementor-element elementor-element-08f635f e-con-full e-flex e-con e-child\" data-id=\"08f635f\" data-element_type=\"container\" data-e-type=\"container\">\n\t\t\t\t<div class=\"elementor-element elementor-element-7bcda0e animated-slow elementor-invisible elementor-widget elementor-widget-text-editor\" data-id=\"7bcda0e\" data-element_type=\"widget\" data-e-type=\"widget\" data-settings=\"{&quot;_animation&quot;:&quot;fadeInLeft&quot;}\" data-widget_type=\"text-editor.default\">\n\t\t\t\t\t\t\t\t\t<p><em>Grandezze &amp; Meraviglie<\/em> si configura come il pi\u00f9 longevo Festival di musica antica della Regione Emilia-Romagna ed \u00e8 riconosciuto in Italia come uno fra i Festival pi\u00f9 innovativi e articolati nel suo genere e, a livello internazionale, come una delle manifestazioni di rilievo rivolte espressamente al repertorio antico (dal Medioevo al primo Ottocento) proposto con strumenti e prassi esecutive dell\u2019epoca. Il Festival nasce in occasione delle celebrazioni di \u201cModena capitale\u201d, anniversario del trasferimento della corte estense da Ferrara a Modena (1598-1998).<\/p><p>Gli \u00e8 stato conferito il 28\u00b0 Premio Abbiati della Critica Musicale come \u201cmigliore iniziativa del 2008\u201d con la seguente motivazione: \u201c<em>al Festival Musicale Estense Grandezze e Meraviglie per la capacit\u00e0 di coniugare la divulgazione dei repertori antichi e barocchi europei con la valorizzazione del patrimonio musicale estense (in particolare quello delle Raccolte Ducali) in una programmazione oramai decennale affidata a complessi di ricercata autorevolezza, inquadrata in un contesto interdisciplinare e diffusa capillarmente nel territorio<\/em>\u201c.<\/p><p>Nei 25 anni di vita il Festival ha organizzato oltre 400 concerti, decine di lezioni concerto e conferenze. Grazie alla partecipazione del Festival a diverso titolo a produzioni musicali, ad oggi 30 cd e dvd portano il marchio di <em>Grandezze &amp; Meraviglie<\/em>.<\/p><p>Il Comune di Modena, riconoscendo una sostanziale continuit\u00e0 progettuale con le edizioni precedenti, ha concesso la denominazione di Grandezze &amp; Meraviglie Festival Musicale Estense, che negli anni \u00e8 stato sostenuto principalmente da <a href=\"http:\/\/www.fondazione-crmo.it\/\" target=\"_blank\" rel=\"noopener\">Fondazione Cassa di Risparmio di Modena<\/a>, <a href=\"https:\/\/www.fondazionedivignola.it\" target=\"_blank\" rel=\"noopener\">Fondazione Cassa di Risparmio di Vignola<\/a>,\u00a0\u00a0<a href=\"http:\/\/www.fondazionecrmir.it\/\" target=\"_blank\" rel=\"noopener\">Fondazione cassa di Risparmio di Mirandola<\/a>, <a href=\"https:\/\/www.bper.it\/\" target=\"_blank\" rel=\"noopener\">BPER Banca<\/a> e da <a href=\"http:\/\/www.comune.modena.it\/\" target=\"_blank\" rel=\"noopener\">Comune di Modena<\/a>, <a href=\"http:\/\/www.comune.sassuolo.mo.it\/\" target=\"_blank\" rel=\"noopener\">Comune di Sassuolo<\/a>, <a href=\"http:\/\/www.comune.vignola.mo.it\/\" target=\"_blank\" rel=\"noopener\">Comune di Vignola<\/a>, <a href=\"http:\/\/www.comune.mirandola.mo.it\/\" target=\"_blank\" rel=\"noopener\">Comune di Mirandola<\/a>, <a href=\"http:\/\/www.carpidiem.it\/\" target=\"_blank\" rel=\"noopener\">Comune di Carpi<\/a>.<\/p><p><em>Grandezze &amp; Meraviglie<\/em> \u00e8 dunque da venticinque anni una solida realt\u00e0 che comprende concerti, attivit\u00e0 culturali, formative e interdisciplinari, masterclass, incontri con le scuole, lezioni-concerto divulgative e il ciclo di conferenze universitarie <em>I linguaggi delle Arti<\/em>.<\/p>\t\t\t\t\t\t\t\t<\/div>\n\t\t\t\t<\/div>\n\t\t<div class=\"elementor-element elementor-element-7a3074a e-con-full e-flex e-con e-child\" data-id=\"7a3074a\" data-element_type=\"container\" data-e-type=\"container\">\n\t\t\t\t<div class=\"elementor-element elementor-element-5d8d088 animated-slow elementor-invisible elementor-widget elementor-widget-image\" data-id=\"5d8d088\" data-element_type=\"widget\" data-e-type=\"widget\" data-settings=\"{&quot;_animation&quot;:&quot;fadeInUp&quot;}\" data-widget_type=\"image.default\">\n\t\t\t\t\t\t\t\t\t\t\t\t\t\t\t<img fetchpriority=\"high\" decoding=\"async\" width=\"800\" height=\"1009\" src=\"https:\/\/www.grandezzemeraviglie.it\/wp-content\/uploads\/2024\/09\/la-nostra-storia-side-812x1024.webp\" class=\"attachment-large size-large wp-image-775\" alt=\"\" srcset=\"https:\/\/www.grandezzemeraviglie.it\/wp-content\/uploads\/2024\/09\/la-nostra-storia-side-812x1024.webp 812w, https:\/\/www.grandezzemeraviglie.it\/wp-content\/uploads\/2024\/09\/la-nostra-storia-side-238x300.webp 238w, https:\/\/www.grandezzemeraviglie.it\/wp-content\/uploads\/2024\/09\/la-nostra-storia-side-768x968.webp 768w, https:\/\/www.grandezzemeraviglie.it\/wp-content\/uploads\/2024\/09\/la-nostra-storia-side.webp 1190w\" sizes=\"(max-width: 800px) 100vw, 800px\" \/>\t\t\t\t\t\t\t\t\t\t\t\t\t\t\t<\/div>\n\t\t\t\t<div class=\"elementor-element elementor-element-542d88e elementor-widget elementor-widget-heading\" data-id=\"542d88e\" data-element_type=\"widget\" data-e-type=\"widget\" data-settings=\"{&quot;motion_fx_motion_fx_scrolling&quot;:&quot;yes&quot;,&quot;motion_fx_translateX_effect&quot;:&quot;yes&quot;,&quot;motion_fx_translateX_direction&quot;:&quot;negative&quot;,&quot;motion_fx_translateX_speed&quot;:{&quot;unit&quot;:&quot;px&quot;,&quot;size&quot;:0.6999999999999999555910790149937383830547332763671875,&quot;sizes&quot;:[]},&quot;motion_fx_translateX_affectedRange&quot;:{&quot;unit&quot;:&quot;%&quot;,&quot;size&quot;:&quot;&quot;,&quot;sizes&quot;:{&quot;start&quot;:0,&quot;end&quot;:50}},&quot;motion_fx_devices&quot;:[&quot;desktop&quot;,&quot;tablet&quot;,&quot;mobile&quot;]}\" data-widget_type=\"heading.default\">\n\t\t\t\t\t<h6 class=\"elementor-heading-title elementor-size-default\">Fantastrumento<\/h6>\t\t\t\t<\/div>\n\t\t\t\t<\/div>\n\t\t\t\t\t<\/div>\n\t\t\t\t<\/div>\n\t\t\t\t<\/div>\n\t\t","protected":false},"excerpt":{"rendered":"<p>Grandezze &amp; Meraviglie si configura come il pi\u00f9 longevo Festival di musica antica della Regione Emilia-Romagna ed \u00e8 riconosciuto in Italia come uno fra i Festival pi\u00f9 innovativi e articolati [&hellip;]<\/p>\n","protected":false},"author":1,"featured_media":0,"parent":0,"menu_order":0,"comment_status":"closed","ping_status":"closed","template":"","meta":{"footnotes":""},"class_list":["post-767","page","type-page","status-publish","hentry"],"_links":{"self":[{"href":"https:\/\/www.grandezzemeraviglie.it\/it\/wp-json\/wp\/v2\/pages\/767","targetHints":{"allow":["GET"]}}],"collection":[{"href":"https:\/\/www.grandezzemeraviglie.it\/it\/wp-json\/wp\/v2\/pages"}],"about":[{"href":"https:\/\/www.grandezzemeraviglie.it\/it\/wp-json\/wp\/v2\/types\/page"}],"author":[{"embeddable":true,"href":"https:\/\/www.grandezzemeraviglie.it\/it\/wp-json\/wp\/v2\/users\/1"}],"replies":[{"embeddable":true,"href":"https:\/\/www.grandezzemeraviglie.it\/it\/wp-json\/wp\/v2\/comments?post=767"}],"version-history":[{"count":28,"href":"https:\/\/www.grandezzemeraviglie.it\/it\/wp-json\/wp\/v2\/pages\/767\/revisions"}],"predecessor-version":[{"id":14856,"href":"https:\/\/www.grandezzemeraviglie.it\/it\/wp-json\/wp\/v2\/pages\/767\/revisions\/14856"}],"wp:attachment":[{"href":"https:\/\/www.grandezzemeraviglie.it\/it\/wp-json\/wp\/v2\/media?parent=767"}],"curies":[{"name":"wp","href":"https:\/\/api.w.org\/{rel}","templated":true}]}}